{"id":8975,"date":"2025-01-13T08:13:13","date_gmt":"2025-01-13T08:13:13","guid":{"rendered":"https:\/\/datanextstep.com\/?page_id=8975"},"modified":"2026-01-28T06:27:10","modified_gmt":"2026-01-28T06:27:10","slug":"loi-25-quebec","status":"publish","type":"page","link":"https:\/\/datanextstep.com\/fr\/loi-25-quebec\/","title":{"rendered":"Loi 25 du Qu\u00e9bec"},"content":{"rendered":"<div data-elementor-type=\"wp-page\" data-elementor-id=\"8975\" class=\"elementor elementor-8975\">\n\t\t\t\t<div class=\"elementor-element elementor-element-49d3f6e6 e-grid e-con-boxed e-con e-parent\" data-id=\"49d3f6e6\" data-element_type=\"container\">\n\t\t\t\t\t<div class=\"e-con-inner\">\n\t\t<div class=\"elementor-element elementor-element-d50d99f e-con-full e-flex e-con e-child\" data-id=\"d50d99f\" data-element_type=\"container\">\n\t\t\t\t<div class=\"elementor-element elementor-element-1bed099a elementor-widget elementor-widget-image\" data-id=\"1bed099a\" data-element_type=\"widget\" data-widget_type=\"image.default\">\n\t\t\t\t<div class=\"elementor-widget-container\">\n\t\t\t\t\t\t\t\t\t\t\t\t\t\t\t<img fetchpriority=\"high\" decoding=\"async\" width=\"1000\" height=\"1000\" src=\"https:\/\/datanextstep.com\/wp-content\/uploads\/2025\/01\/cybersecurity-cybersecurite-Loi-25-quebec.webp\" class=\"attachment-full size-full wp-image-8981\" alt=\"\" srcset=\"https:\/\/datanextstep.com\/wp-content\/uploads\/2025\/01\/cybersecurity-cybersecurite-Loi-25-quebec.webp 1000w, https:\/\/datanextstep.com\/wp-content\/uploads\/2025\/01\/cybersecurity-cybersecurite-Loi-25-quebec-300x300.webp 300w, https:\/\/datanextstep.com\/wp-content\/uploads\/2025\/01\/cybersecurity-cybersecurite-Loi-25-quebec-150x150.webp 150w, https:\/\/datanextstep.com\/wp-content\/uploads\/2025\/01\/cybersecurity-cybersecurite-Loi-25-quebec-768x768.webp 768w, https:\/\/datanextstep.com\/wp-content\/uploads\/2025\/01\/cybersecurity-cybersecurite-Loi-25-quebec-12x12.webp 12w, https:\/\/datanextstep.com\/wp-content\/uploads\/2025\/01\/cybersecurity-cybersecurite-Loi-25-quebec-650x650.webp 650w\" sizes=\"(max-width: 1000px) 100vw, 1000px\" \/>\t\t\t\t\t\t\t\t\t\t\t\t\t\t\t<\/div>\n\t\t\t\t<\/div>\n\t\t\t\t<\/div>\n\t\t<div class=\"elementor-element elementor-element-53c5fca6 e-con-full e-flex e-con e-child\" data-id=\"53c5fca6\" data-element_type=\"container\">\n\t\t\t\t<div class=\"elementor-element elementor-element-c26a75a elementor-widget elementor-widget-heading\" data-id=\"c26a75a\" data-element_type=\"widget\" data-widget_type=\"heading.default\">\n\t\t\t\t<div class=\"elementor-widget-container\">\n\t\t\t\t\t<h1 class=\"elementor-heading-title elementor-size-default\">Votre partenaire en cybers\u00e9curit\u00e9 Loi 25<\/h1>\t\t\t\t<\/div>\n\t\t\t\t<\/div>\n\t\t\t\t<div class=\"elementor-element elementor-element-a04a267 elementor-widget elementor-widget-text-editor\" data-id=\"a04a267\" data-element_type=\"widget\" data-widget_type=\"text-editor.default\">\n\t\t\t\t<div class=\"elementor-widget-container\">\n\t\t\t\t\t\t\t\t\t<p>Dans le monde en \u00e9volution rapide de la transformation num\u00e9rique, il est essentiel de se conformer \u00e0 la Loi 25 au Qu\u00e9bec pour maintenir la cybers\u00e9curit\u00e9 et la protection des donn\u00e9es. Chez Data Next Step, nous nous sp\u00e9cialisons dans l&#039;alignement des entreprises avec les exigences strictes de la Loi 25 gr\u00e2ce \u00e0 notre service d\u00e9di\u00e9 de conformit\u00e9 \u00e0 la loi. Reconnaissant les d\u00e9fis uniques auxquels sont confront\u00e9s les professionnels des secteurs des affaires et de la technologie, nous proposons une solution qui non seulement prot\u00e8ge vos donn\u00e9es, mais renforce \u00e9galement votre posture de cybers\u00e9curit\u00e9. Notre \u00e9quipe d&#039;experts est experte dans l&#039;analyse et l&#039;adaptation de votre environnement commercial et technologique, garantissant que vos op\u00e9rations sont non seulement conformes, mais \u00e9galement optimis\u00e9es pour la croissance future. Voici comment nous pouvons vous aider :<\/p>\t\t\t\t\t\t\t\t<\/div>\n\t\t\t\t<\/div>\n\t\t\t\t<div class=\"elementor-element elementor-element-1cf24ad3 service_detail_list list_two elementor-widget elementor-widget-text-editor\" data-id=\"1cf24ad3\" data-element_type=\"widget\" data-widget_type=\"text-editor.default\">\n\t\t\t\t<div class=\"elementor-widget-container\">\n\t\t\t\t\t\t\t\t\t<ul style=\"margin-top: 15px !important;\"><li><strong>Analyse compl\u00e8te :<\/strong> Nous \u00e9valuons minutieusement votre mod\u00e8le d\u2019affaires et votre infrastructure technologique pour identifier les domaines qui n\u00e9cessitent une mise en conformit\u00e9 avec la loi 25.<\/li><li><strong>Strat\u00e9gie de conformit\u00e9 personnalis\u00e9e :<\/strong> Des solutions sur mesure pour assurer que votre entreprise respecte la r\u00e9glementation qu\u00e9b\u00e9coise en mati\u00e8re de protection des donn\u00e9es, renfor\u00e7ant ainsi la confiance avec vos clients.<\/li><li><strong>Mise en \u0153uvre transparente :<\/strong> Mettre en \u0153uvre les changements n\u00e9cessaires sur vos syst\u00e8mes, en garantissant leur robustesse et leur s\u00e9curit\u00e9.<\/li><li><strong>Audits en cours : <\/strong>Audits r\u00e9guliers pour maintenir la conformit\u00e9 et s&#039;adapter aux \u00e9ventuelles mises \u00e0 jour de la loi.<\/li><\/ul><p><strong>Choisissez Data Next Step pour un partenariat qui valorise la s\u00e9curit\u00e9, l&#039;efficacit\u00e9 et la prosp\u00e9rit\u00e9 de votre entreprise dans le monde num\u00e9rique.<\/strong><\/p>\t\t\t\t\t\t\t\t<\/div>\n\t\t\t\t<\/div>\n\t\t\t\t<\/div>\n\t\t\t\t\t<\/div>\n\t\t\t\t<\/div>\n\t\t<div class=\"elementor-element elementor-element-33131bb e-flex e-con-boxed e-con e-parent\" data-id=\"33131bb\" data-element_type=\"container\" data-settings=\"{&quot;background_background&quot;:&quot;classic&quot;}\">\n\t\t\t\t\t<div class=\"e-con-inner\">\n\t\t<div class=\"elementor-element elementor-element-878c51d e-flex e-con-boxed e-con e-child\" data-id=\"878c51d\" data-element_type=\"container\" data-settings=\"{&quot;background_background&quot;:&quot;gradient&quot;}\">\n\t\t\t\t\t<div class=\"e-con-inner\">\n\t\t<div class=\"elementor-element elementor-element-ac0cf63 e-con-full cta-bg e-flex e-con e-child\" data-id=\"ac0cf63\" data-element_type=\"container\">\n\t\t\t\t<div class=\"elementor-element elementor-element-19653a6 elementor-widget elementor-widget-image\" data-id=\"19653a6\" data-element_type=\"widget\" data-widget_type=\"image.default\">\n\t\t\t\t<div class=\"elementor-widget-container\">\n\t\t\t\t\t\t\t\t\t\t\t\t\t\t\t<img decoding=\"async\" src=\"https:\/\/datanextstep.com\/wp-content\/uploads\/2024\/11\/cta-girl.png\" title=\"\" alt=\"\" loading=\"lazy\" \/>\t\t\t\t\t\t\t\t\t\t\t\t\t\t\t<\/div>\n\t\t\t\t<\/div>\n\t\t\t\t<\/div>\n\t\t<div class=\"elementor-element elementor-element-869e666 e-con-full e-flex e-con e-child\" data-id=\"869e666\" data-element_type=\"container\">\n\t\t\t\t<div class=\"elementor-element elementor-element-a675d07 elementor-widget elementor-widget-heading\" data-id=\"a675d07\" data-element_type=\"widget\" data-widget_type=\"heading.default\">\n\t\t\t\t<div class=\"elementor-widget-container\">\n\t\t\t\t\t<h2 class=\"elementor-heading-title elementor-size-default\">Besoin d&#039;un expert ?\n\n<\/h2>\t\t\t\t<\/div>\n\t\t\t\t<\/div>\n\t\t\t\t<div class=\"elementor-element elementor-element-8241bd4 elementor-widget elementor-widget-text-editor\" data-id=\"8241bd4\" data-element_type=\"widget\" data-widget_type=\"text-editor.default\">\n\t\t\t\t<div class=\"elementor-widget-container\">\n\t\t\t\t\t\t\t\t\tQue ce soit pour une urgence ou pour assurer la r\u00e9ussite de votre projet\t\t\t\t\t\t\t\t<\/div>\n\t\t\t\t<\/div>\n\t\t\t\t<div class=\"elementor-element elementor-element-baa6933 elementor-widget elementor-widget-button\" data-id=\"baa6933\" data-element_type=\"widget\" data-widget_type=\"button.default\">\n\t\t\t\t<div class=\"elementor-widget-container\">\n\t\t\t\t\t\t\t\t\t<div class=\"elementor-button-wrapper\">\n\t\t\t\t\t<a class=\"elementor-button elementor-button-link elementor-size-sm\" href=\"\/fr\/priserdv\/\">\n\t\t\t\t\t\t<span class=\"elementor-button-content-wrapper\">\n\t\t\t\t\t\t\t\t\t<span class=\"elementor-button-text\">Prendre rendez-vous<\/span>\n\t\t\t\t\t<\/span>\n\t\t\t\t\t<\/a>\n\t\t\t\t<\/div>\n\t\t\t\t\t\t\t\t<\/div>\n\t\t\t\t<\/div>\n\t\t\t\t<\/div>\n\t\t\t\t\t<\/div>\n\t\t\t\t<\/div>\n\t\t\t\t\t<\/div>\n\t\t\t\t<\/div>\n\t\t\t\t<\/div>","protected":false},"excerpt":{"rendered":"<p>Your Law 25 Cybersecurity Partner In the fast-paced world of digital transformation, staying compliant with Law 25 in Quebec is crucial for maintaining cybersecurity and data protection. At Data Next Step, we specialize in aligning businesses with the stringent requirements of Law 25 through our dedicated Law Compliance Service. Recognizing the unique challenges faced by [&hellip;]<\/p>","protected":false},"author":1,"featured_media":0,"parent":0,"menu_order":0,"comment_status":"closed","ping_status":"closed","template":"","meta":{"footnotes":""},"class_list":["post-8975","page","type-page","status-publish","hentry"],"_links":{"self":[{"href":"https:\/\/datanextstep.com\/fr\/wp-json\/wp\/v2\/pages\/8975","targetHints":{"allow":["GET"]}}],"collection":[{"href":"https:\/\/datanextstep.com\/fr\/wp-json\/wp\/v2\/pages"}],"about":[{"href":"https:\/\/datanextstep.com\/fr\/wp-json\/wp\/v2\/types\/page"}],"author":[{"embeddable":true,"href":"https:\/\/datanextstep.com\/fr\/wp-json\/wp\/v2\/users\/1"}],"replies":[{"embeddable":true,"href":"https:\/\/datanextstep.com\/fr\/wp-json\/wp\/v2\/comments?post=8975"}],"version-history":[{"count":10,"href":"https:\/\/datanextstep.com\/fr\/wp-json\/wp\/v2\/pages\/8975\/revisions"}],"predecessor-version":[{"id":20499,"href":"https:\/\/datanextstep.com\/fr\/wp-json\/wp\/v2\/pages\/8975\/revisions\/20499"}],"wp:attachment":[{"href":"https:\/\/datanextstep.com\/fr\/wp-json\/wp\/v2\/media?parent=8975"}],"curies":[{"name":"wp","href":"https:\/\/api.w.org\/{rel}","templated":true}]}}