{"id":6818,"date":"2024-12-12T12:28:27","date_gmt":"2024-12-12T12:28:27","guid":{"rendered":"https:\/\/datanextstep.com\/?page_id=6818"},"modified":"2026-01-28T06:24:35","modified_gmt":"2026-01-28T06:24:35","slug":"conditions-generales","status":"publish","type":"page","link":"https:\/\/datanextstep.com\/fr\/conditions-generales\/","title":{"rendered":"Conditions g\u00e9n\u00e9rales"},"content":{"rendered":"<div data-elementor-type=\"wp-page\" data-elementor-id=\"6818\" class=\"elementor elementor-6818\">\n\t\t\t\t<div class=\"elementor-element elementor-element-43caffe e-flex e-con-boxed e-con e-parent\" data-id=\"43caffe\" data-element_type=\"container\">\n\t\t\t\t\t<div class=\"e-con-inner\">\n\t\t\t\t<div class=\"elementor-element elementor-element-c98c455 elementor-widget elementor-widget-text-editor\" data-id=\"c98c455\" data-element_type=\"widget\" data-widget_type=\"text-editor.default\">\n\t\t\t\t<div class=\"elementor-widget-container\">\n\t\t\t\t\t\t\t\t\t<p>Bienvenue \u00e0 Data Next Step. Ce document d\u00e9crit les conditions d&#039;utilisation, les responsabilit\u00e9s et les obligations li\u00e9es \u00e0 l&#039;utilisation de notre site Web et de nos services. En acc\u00e9dant \u00e0 notre plateforme ou en l&#039;utilisant, vous acceptez de vous conformer \u00e0 ces conditions. Veuillez prendre un moment pour lire attentivement nos conditions g\u00e9n\u00e9rales :<\/p>\t\t\t\t\t\t\t\t<\/div>\n\t\t\t\t<\/div>\n\t\t\t\t<div class=\"elementor-element elementor-element-497f1b9 elementor-widget__width-auto elementor-widget elementor-widget-heading\" data-id=\"497f1b9\" data-element_type=\"widget\" data-widget_type=\"heading.default\">\n\t\t\t\t<div class=\"elementor-widget-container\">\n\t\t\t\t\t<h1 class=\"elementor-heading-title elementor-size-default\">Acceptation des conditions :<\/h1>\t\t\t\t<\/div>\n\t\t\t\t<\/div>\n\t\t\t\t<div class=\"elementor-element elementor-element-29feb51 elementor-widget elementor-widget-text-editor\" data-id=\"29feb51\" data-element_type=\"widget\" data-widget_type=\"text-editor.default\">\n\t\t\t\t<div class=\"elementor-widget-container\">\n\t\t\t\t\t\t\t\t\tEn utilisant notre site Web, vous reconnaissez et acceptez les conditions d\u00e9crites ici. Si vous n&#039;\u00eates pas d&#039;accord avec une partie quelconque de ces conditions, nous vous demandons de ne pas utiliser nos services.\t\t\t\t\t\t\t\t<\/div>\n\t\t\t\t<\/div>\n\t\t\t\t<div class=\"elementor-element elementor-element-88d662e elementor-widget__width-auto elementor-widget elementor-widget-heading\" data-id=\"88d662e\" data-element_type=\"widget\" data-widget_type=\"heading.default\">\n\t\t\t\t<div class=\"elementor-widget-container\">\n\t\t\t\t\t<h2 class=\"elementor-heading-title elementor-size-default\">Responsabilit\u00e9s de l&#039;utilisateur :<\/h2>\t\t\t\t<\/div>\n\t\t\t\t<\/div>\n\t\t\t\t<div class=\"elementor-element elementor-element-1159f90 elementor-widget elementor-widget-text-editor\" data-id=\"1159f90\" data-element_type=\"widget\" data-widget_type=\"text-editor.default\">\n\t\t\t\t<div class=\"elementor-widget-container\">\n\t\t\t\t\t\t\t\t\tLes utilisateurs sont responsables du maintien de la confidentialit\u00e9 de leurs comptes, de la garantie de l&#039;exactitude des informations et de l&#039;utilisation de nos services conform\u00e9ment aux lois et r\u00e9glementations en vigueur.\t\t\t\t\t\t\t\t<\/div>\n\t\t\t\t<\/div>\n\t\t\t\t<div class=\"elementor-element elementor-element-8ad2d69 elementor-widget__width-auto elementor-widget elementor-widget-heading\" data-id=\"8ad2d69\" data-element_type=\"widget\" data-widget_type=\"heading.default\">\n\t\t\t\t<div class=\"elementor-widget-container\">\n\t\t\t\t\t<h3 class=\"elementor-heading-title elementor-size-default\">Propri\u00e9t\u00e9 intellectuelle :<\/h3>\t\t\t\t<\/div>\n\t\t\t\t<\/div>\n\t\t\t\t<div class=\"elementor-element elementor-element-f6ac582 elementor-widget elementor-widget-text-editor\" data-id=\"f6ac582\" data-element_type=\"widget\" data-widget_type=\"text-editor.default\">\n\t\t\t\t<div class=\"elementor-widget-container\">\n\t\t\t\t\t\t\t\t\tL&#039;ensemble du contenu et des \u00e9l\u00e9ments de notre site Web, y compris, mais sans s&#039;y limiter, les textes, images, logos et logiciels, sont prot\u00e9g\u00e9s par les lois sur la propri\u00e9t\u00e9 intellectuelle. Toute utilisation non autoris\u00e9e est strictement interdite.\t\t\t\t\t\t\t\t<\/div>\n\t\t\t\t<\/div>\n\t\t\t\t<div class=\"elementor-element elementor-element-008a8b1 elementor-widget__width-auto elementor-widget elementor-widget-heading\" data-id=\"008a8b1\" data-element_type=\"widget\" data-widget_type=\"heading.default\">\n\t\t\t\t<div class=\"elementor-widget-container\">\n\t\t\t\t\t<h3 class=\"elementor-heading-title elementor-size-default\">Politique de confidentialit\u00e9:<\/h3>\t\t\t\t<\/div>\n\t\t\t\t<\/div>\n\t\t\t\t<div class=\"elementor-element elementor-element-5e09695 elementor-widget elementor-widget-text-editor\" data-id=\"5e09695\" data-element_type=\"widget\" data-widget_type=\"text-editor.default\">\n\t\t\t\t<div class=\"elementor-widget-container\">\n\t\t\t\t\t\t\t\t\tNotre politique de confidentialit\u00e9 d\u00e9crit la mani\u00e8re dont nous collectons, utilisons et prot\u00e9geons vos informations personnelles. En utilisant nos services, vous consentez aux pratiques d\u00e9crites dans notre politique de confidentialit\u00e9.\t\t\t\t\t\t\t\t<\/div>\n\t\t\t\t<\/div>\n\t\t\t\t<div class=\"elementor-element elementor-element-93884e8 elementor-widget__width-auto elementor-widget elementor-widget-heading\" data-id=\"93884e8\" data-element_type=\"widget\" data-widget_type=\"heading.default\">\n\t\t\t\t<div class=\"elementor-widget-container\">\n\t\t\t\t\t<h3 class=\"elementor-heading-title elementor-size-default\">Modifications de service\u00a0:<\/h3>\t\t\t\t<\/div>\n\t\t\t\t<\/div>\n\t\t\t\t<div class=\"elementor-element elementor-element-8c331a4 elementor-widget elementor-widget-text-editor\" data-id=\"8c331a4\" data-element_type=\"widget\" data-widget_type=\"text-editor.default\">\n\t\t\t\t<div class=\"elementor-widget-container\">\n\t\t\t\t\t\t\t\t\tNous nous r\u00e9servons le droit de modifier, suspendre ou interrompre toute partie de nos services \u00e0 tout moment. Nous ferons tout notre possible pour informer les utilisateurs de tout changement important.\t\t\t\t\t\t\t\t<\/div>\n\t\t\t\t<\/div>\n\t\t\t\t<div class=\"elementor-element elementor-element-3c9f940 elementor-widget__width-auto elementor-widget elementor-widget-heading\" data-id=\"3c9f940\" data-element_type=\"widget\" data-widget_type=\"heading.default\">\n\t\t\t\t<div class=\"elementor-widget-container\">\n\t\t\t\t\t<h3 class=\"elementor-heading-title elementor-size-default\">Liens tiers :<\/h3>\t\t\t\t<\/div>\n\t\t\t\t<\/div>\n\t\t\t\t<div class=\"elementor-element elementor-element-6a7038a elementor-widget elementor-widget-text-editor\" data-id=\"6a7038a\" data-element_type=\"widget\" data-widget_type=\"text-editor.default\">\n\t\t\t\t<div class=\"elementor-widget-container\">\n\t\t\t\t\t\t\t\t\tNotre site Web peut contenir des liens vers des sites Web tiers. Nous ne sommes pas responsables du contenu ou des pratiques de ces sites. Veuillez consulter les conditions et politiques de tout site Web tiers que vous visitez.\t\t\t\t\t\t\t\t<\/div>\n\t\t\t\t<\/div>\n\t\t\t\t<div class=\"elementor-element elementor-element-e57b0a2 elementor-widget__width-auto elementor-widget elementor-widget-heading\" data-id=\"e57b0a2\" data-element_type=\"widget\" data-widget_type=\"heading.default\">\n\t\t\t\t<div class=\"elementor-widget-container\">\n\t\t\t\t\t<h3 class=\"elementor-heading-title elementor-size-default\">Exclusion de garanties :<\/h3>\t\t\t\t<\/div>\n\t\t\t\t<\/div>\n\t\t\t\t<div class=\"elementor-element elementor-element-fc8f9a2 elementor-widget elementor-widget-text-editor\" data-id=\"fc8f9a2\" data-element_type=\"widget\" data-widget_type=\"text-editor.default\">\n\t\t\t\t<div class=\"elementor-widget-container\">\n\t\t\t\t\t\t\t\t\tBien que nous nous efforcions de fournir des informations exactes et fiables, nous ne garantissons pas l&#039;exhaustivit\u00e9, la fiabilit\u00e9 ou l&#039;exactitude de notre contenu. Vous utilisez nos services \u00e0 vos propres risques.\t\t\t\t\t\t\t\t<\/div>\n\t\t\t\t<\/div>\n\t\t\t\t<div class=\"elementor-element elementor-element-32de236 elementor-widget__width-auto elementor-widget elementor-widget-heading\" data-id=\"32de236\" data-element_type=\"widget\" data-widget_type=\"heading.default\">\n\t\t\t\t<div class=\"elementor-widget-container\">\n\t\t\t\t\t<h3 class=\"elementor-heading-title elementor-size-default\">Limitation de responsabilit\u00e9 :<\/h3>\t\t\t\t<\/div>\n\t\t\t\t<\/div>\n\t\t\t\t<div class=\"elementor-element elementor-element-f96df83 elementor-widget elementor-widget-text-editor\" data-id=\"f96df83\" data-element_type=\"widget\" data-widget_type=\"text-editor.default\">\n\t\t\t\t<div class=\"elementor-widget-container\">\n\t\t\t\t\t\t\t\t\tData Next Step et ses soci\u00e9t\u00e9s affili\u00e9es ne seront pas responsables des dommages directs, indirects, accessoires, sp\u00e9ciaux ou cons\u00e9cutifs d\u00e9coulant ou li\u00e9s de quelque mani\u00e8re que ce soit \u00e0 l&#039;utilisation de nos services.\t\t\t\t\t\t\t\t<\/div>\n\t\t\t\t<\/div>\n\t\t\t\t<div class=\"elementor-element elementor-element-4fdeb40 elementor-widget__width-auto elementor-widget elementor-widget-heading\" data-id=\"4fdeb40\" data-element_type=\"widget\" data-widget_type=\"heading.default\">\n\t\t\t\t<div class=\"elementor-widget-container\">\n\t\t\t\t\t<h3 class=\"elementor-heading-title elementor-size-default\">Terminaison:<\/h3>\t\t\t\t<\/div>\n\t\t\t\t<\/div>\n\t\t\t\t<div class=\"elementor-element elementor-element-3c48dbd elementor-widget elementor-widget-text-editor\" data-id=\"3c48dbd\" data-element_type=\"widget\" data-widget_type=\"text-editor.default\">\n\t\t\t\t<div class=\"elementor-widget-container\">\n\t\t\t\t\t\t\t\t\tNous nous r\u00e9servons le droit de r\u00e9silier ou de suspendre votre compte et l&#039;acc\u00e8s \u00e0 nos services \u00e0 notre discr\u00e9tion, sans pr\u00e9avis, pour quelque raison que ce soit, y compris la violation de ces conditions.\t\t\t\t\t\t\t\t<\/div>\n\t\t\t\t<\/div>\n\t\t\t\t<div class=\"elementor-element elementor-element-3b4b6f9 elementor-widget__width-auto elementor-widget elementor-widget-heading\" data-id=\"3b4b6f9\" data-element_type=\"widget\" data-widget_type=\"heading.default\">\n\t\t\t\t<div class=\"elementor-widget-container\">\n\t\t\t\t\t<h3 class=\"elementor-heading-title elementor-size-default\">Coordonn\u00e9es:<\/h3>\t\t\t\t<\/div>\n\t\t\t\t<\/div>\n\t\t\t\t<div class=\"elementor-element elementor-element-f4ef8bf elementor-widget elementor-widget-text-editor\" data-id=\"f4ef8bf\" data-element_type=\"widget\" data-widget_type=\"text-editor.default\">\n\t\t\t\t<div class=\"elementor-widget-container\">\n\t\t\t\t\t\t\t\t\tSi vous avez des questions ou des pr\u00e9occupations concernant nos conditions g\u00e9n\u00e9rales, veuillez nous contacter \u00e0\u00a0<a href=\"mailto:bonjour@datanextstep.com\">bonjour@datanextstep.com<\/a>.\t\t\t\t\t\t\t\t<\/div>\n\t\t\t\t<\/div>\n\t\t\t\t<div class=\"elementor-element elementor-element-df37166 elementor-widget elementor-widget-text-editor\" data-id=\"df37166\" data-element_type=\"widget\" data-widget_type=\"text-editor.default\">\n\t\t\t\t<div class=\"elementor-widget-container\">\n\t\t\t\t\t\t\t\t\tEn continuant \u00e0 utiliser nos services, vous signifiez votre compr\u00e9hension et votre acceptation de ces conditions. Merci d&#039;avoir choisi Data Next Step.\t\t\t\t\t\t\t\t<\/div>\n\t\t\t\t<\/div>\n\t\t\t\t\t<\/div>\n\t\t\t\t<\/div>\n\t\t\t\t<\/div>","protected":false},"excerpt":{"rendered":"<p>Welcome to the Data Next Step. This document outlines the terms of use, responsibilities, and obligations when engaging with our website, and services. By accessing or using our platform, you agree to comply with these terms. Please take a moment to review our Terms and Conditions carefully: Acceptance of Terms: By using our website, you [&hellip;]<\/p>","protected":false},"author":1,"featured_media":0,"parent":0,"menu_order":0,"comment_status":"closed","ping_status":"closed","template":"elementor_header_footer","meta":{"footnotes":""},"class_list":["post-6818","page","type-page","status-publish","hentry"],"_links":{"self":[{"href":"https:\/\/datanextstep.com\/fr\/wp-json\/wp\/v2\/pages\/6818","targetHints":{"allow":["GET"]}}],"collection":[{"href":"https:\/\/datanextstep.com\/fr\/wp-json\/wp\/v2\/pages"}],"about":[{"href":"https:\/\/datanextstep.com\/fr\/wp-json\/wp\/v2\/types\/page"}],"author":[{"embeddable":true,"href":"https:\/\/datanextstep.com\/fr\/wp-json\/wp\/v2\/users\/1"}],"replies":[{"embeddable":true,"href":"https:\/\/datanextstep.com\/fr\/wp-json\/wp\/v2\/comments?post=6818"}],"version-history":[{"count":6,"href":"https:\/\/datanextstep.com\/fr\/wp-json\/wp\/v2\/pages\/6818\/revisions"}],"predecessor-version":[{"id":20490,"href":"https:\/\/datanextstep.com\/fr\/wp-json\/wp\/v2\/pages\/6818\/revisions\/20490"}],"wp:attachment":[{"href":"https:\/\/datanextstep.com\/fr\/wp-json\/wp\/v2\/media?parent=6818"}],"curies":[{"name":"wp","href":"https:\/\/api.w.org\/{rel}","templated":true}]}}