{"id":39,"date":"2024-11-22T05:49:26","date_gmt":"2024-11-22T05:49:26","guid":{"rendered":"https:\/\/datanextstep.com\/?page_id=39"},"modified":"2026-01-28T06:22:11","modified_gmt":"2026-01-28T06:22:11","slug":"contactez-nous","status":"publish","type":"page","link":"https:\/\/datanextstep.com\/fr\/contactez-nous\/","title":{"rendered":"Contact"},"content":{"rendered":"<div data-elementor-type=\"wp-page\" data-elementor-id=\"39\" class=\"elementor elementor-39\">\n\t\t\t\t<div class=\"elementor-element elementor-element-934a6f4 e-flex e-con-boxed e-con e-parent\" data-id=\"934a6f4\" data-element_type=\"container\">\n\t\t\t\t\t<div class=\"e-con-inner\">\n\t\t<div class=\"elementor-element elementor-element-d4703e8 e-con-full e-flex e-con e-child\" data-id=\"d4703e8\" data-element_type=\"container\">\n\t\t\t\t<div class=\"elementor-element elementor-element-c3e8279 elementor-widget elementor-widget-heading\" data-id=\"c3e8279\" data-element_type=\"widget\" data-widget_type=\"heading.default\">\n\t\t\t\t<div class=\"elementor-widget-container\">\n\t\t\t\t\t<h1 class=\"elementor-heading-title elementor-size-default\">Contactez-nous!<\/h1>\t\t\t\t<\/div>\n\t\t\t\t<\/div>\n\t\t<div class=\"elementor-element elementor-element-281c408 e-con-full e-flex e-con e-child\" data-id=\"281c408\" data-element_type=\"container\" data-settings=\"{&quot;background_background&quot;:&quot;classic&quot;}\">\n\t\t\t\t<div class=\"elementor-element elementor-element-b133971 elementor-view-stacked elementor-shape-circle elementor-widget elementor-widget-icon\" data-id=\"b133971\" data-element_type=\"widget\" data-widget_type=\"icon.default\">\n\t\t\t\t<div class=\"elementor-widget-container\">\n\t\t\t\t\t\t\t<div class=\"elementor-icon-wrapper\">\n\t\t\t<div class=\"elementor-icon\">\n\t\t\t<svg aria-hidden=\"true\" class=\"e-font-icon-svg e-fas-phone-alt\" viewbox=\"0 0 512 512\" xmlns=\"http:\/\/www.w3.org\/2000\/svg\"><path d=\"M497.39 361.8l-112-48a24 24 0 0 0-28 6.9l-49.6 60.6A370.66 370.66 0 0 1 130.6 204.11l60.6-49.6a23.94 23.94 0 0 0 6.9-28l-48-112A24.16 24.16 0 0 0 122.6.61l-104 24A24 24 0 0 0 0 48c0 256.5 207.9 464 464 464a24 24 0 0 0 23.4-18.6l24-104a24.29 24.29 0 0 0-14.01-27.6z\"><\/path><\/svg>\t\t\t<\/div>\n\t\t<\/div>\n\t\t\t\t\t\t<\/div>\n\t\t\t\t<\/div>\n\t\t<div class=\"elementor-element elementor-element-9a69c84 e-con-full e-flex e-con e-child\" data-id=\"9a69c84\" data-element_type=\"container\">\n\t\t\t\t<div class=\"elementor-element elementor-element-c692e3d elementor-widget elementor-widget-heading\" data-id=\"c692e3d\" data-element_type=\"widget\" data-widget_type=\"heading.default\">\n\t\t\t\t<div class=\"elementor-widget-container\">\n\t\t\t\t\t<h2 class=\"elementor-heading-title elementor-size-default\">Contact<\/h2>\t\t\t\t<\/div>\n\t\t\t\t<\/div>\n\t\t\t\t<div class=\"elementor-element elementor-element-5e0c036 elementor-widget elementor-widget-heading\" data-id=\"5e0c036\" data-element_type=\"widget\" data-widget_type=\"heading.default\">\n\t\t\t\t<div class=\"elementor-widget-container\">\n\t\t\t\t\t<p class=\"elementor-heading-title elementor-size-default\"><a href=\"tel:514%20360-5566\">(514) 360-5566<\/a><\/p>\t\t\t\t<\/div>\n\t\t\t\t<\/div>\n\t\t\t\t<\/div>\n\t\t\t\t<\/div>\n\t\t<div class=\"elementor-element elementor-element-66e58c0 e-con-full e-flex e-con e-child\" data-id=\"66e58c0\" data-element_type=\"container\" data-settings=\"{&quot;background_background&quot;:&quot;classic&quot;}\">\n\t\t\t\t<div class=\"elementor-element elementor-element-cee540a elementor-view-stacked elementor-shape-circle elementor-widget elementor-widget-icon\" data-id=\"cee540a\" data-element_type=\"widget\" data-widget_type=\"icon.default\">\n\t\t\t\t<div class=\"elementor-widget-container\">\n\t\t\t\t\t\t\t<div class=\"elementor-icon-wrapper\">\n\t\t\t<div class=\"elementor-icon\">\n\t\t\t<svg aria-hidden=\"true\" class=\"e-font-icon-svg e-fas-envelope\" viewbox=\"0 0 512 512\" xmlns=\"http:\/\/www.w3.org\/2000\/svg\"><path d=\"M502.3 190.8c3.9-3.1 9.7-.2 9.7 4.7V400c0 26.5-21.5 48-48 48H48c-26.5 0-48-21.5-48-48V195.6c0-5 5.7-7.8 9.7-4.7 22.4 17.4 52.1 39.5 154.1 113.6 21.1 15.4 56.7 47.8 92.2 47.6 35.7.3 72-32.8 92.3-47.6 102-74.1 131.6-96.3 154-113.7zM256 320c23.2.4 56.6-29.2 73.4-41.4 132.7-96.3 142.8-104.7 173.4-128.7 5.8-4.5 9.2-11.5 9.2-18.9v-19c0-26.5-21.5-48-48-48H48C21.5 64 0 85.5 0 112v19c0 7.4 3.4 14.3 9.2 18.9 30.6 23.9 40.7 32.4 173.4 128.7 16.8 12.2 50.2 41.8 73.4 41.4z\"><\/path><\/svg>\t\t\t<\/div>\n\t\t<\/div>\n\t\t\t\t\t\t<\/div>\n\t\t\t\t<\/div>\n\t\t<div class=\"elementor-element elementor-element-2b5f690 e-con-full e-flex e-con e-child\" data-id=\"2b5f690\" data-element_type=\"container\">\n\t\t\t\t<div class=\"elementor-element elementor-element-a864809 elementor-widget elementor-widget-heading\" data-id=\"a864809\" data-element_type=\"widget\" data-widget_type=\"heading.default\">\n\t\t\t\t<div class=\"elementor-widget-container\">\n\t\t\t\t\t<h2 class=\"elementor-heading-title elementor-size-default\">Adresse email<\/h2>\t\t\t\t<\/div>\n\t\t\t\t<\/div>\n\t\t\t\t<div class=\"elementor-element elementor-element-ff2018f word_wrap elementor-widget elementor-widget-heading\" data-id=\"ff2018f\" data-element_type=\"widget\" data-widget_type=\"heading.default\">\n\t\t\t\t<div class=\"elementor-widget-container\">\n\t\t\t\t\t<p class=\"elementor-heading-title elementor-size-default\"><a href=\"mailto:bonjour@datanextstep.com\">bonjour@datanextstep.com<\/a><\/p>\t\t\t\t<\/div>\n\t\t\t\t<\/div>\n\t\t\t\t<\/div>\n\t\t\t\t<\/div>\n\t\t<div class=\"elementor-element elementor-element-d57e185 e-con-full e-flex e-con e-child\" data-id=\"d57e185\" data-element_type=\"container\" data-settings=\"{&quot;background_background&quot;:&quot;classic&quot;}\">\n\t\t\t\t<div class=\"elementor-element elementor-element-f6db914 elementor-view-stacked elementor-shape-circle elementor-widget elementor-widget-icon\" data-id=\"f6db914\" data-element_type=\"widget\" data-widget_type=\"icon.default\">\n\t\t\t\t<div class=\"elementor-widget-container\">\n\t\t\t\t\t\t\t<div class=\"elementor-icon-wrapper\">\n\t\t\t<div class=\"elementor-icon\">\n\t\t\t<svg xmlns=\"http:\/\/www.w3.org\/2000\/svg\" width=\"30\" height=\"27\" viewbox=\"0 0 30 27\" fill=\"none\"><path d=\"M7.11096 1.5V4.95\" stroke=\"#082F51\" stroke-width=\"1.5\" stroke-miterlimit=\"10\" stroke-linecap=\"round\" stroke-linejoin=\"round\"><\/path><path d=\"M16.889 1.5V4.95\" stroke=\"#082F51\" stroke-width=\"1.5\" stroke-miterlimit=\"10\" stroke-linecap=\"round\" stroke-linejoin=\"round\"><\/path><path d=\"M2 7H22.7778\" stroke=\"#082F51\" stroke-width=\"1.5\" stroke-miterlimit=\"10\" stroke-linecap=\"round\" stroke-linejoin=\"round\"><\/path><path d=\"M23 8.9751C23 5.5251 21.1667 3.2251 16.8889 3.2251H7.11111C2.83333 3.2251 1 5.5251 1 8.9751V18.7501C1 22.2001 2.83333 24.5001 7.11111 24.5001H16.8889\" stroke=\"#082F51\" stroke-width=\"1.5\" stroke-miterlimit=\"10\" stroke-linecap=\"round\" stroke-linejoin=\"round\"><\/path><path d=\"M28.4171 17.0004C28.4171 21.3704 24.8704 24.9171 20.5004 24.9171C16.1304 24.9171 12.5837 21.3704 12.5837 17.0004C12.5837 12.6304 16.1304 9.08374 20.5004 9.08374C24.8704 9.08374 28.4171 12.6304 28.4171 17.0004Z\" stroke=\"#082F51\" stroke-width=\"1.2\" stroke-linecap=\"round\" stroke-linejoin=\"round\"><\/path><path d=\"M23.4374 19.517L20.9832 18.0524C20.5557 17.7991 20.2074 17.1895 20.2074 16.6908V13.4449\" stroke=\"#082F51\" stroke-width=\"1.2\" stroke-linecap=\"round\" stroke-linejoin=\"round\"><\/path><\/svg>\t\t\t<\/div>\n\t\t<\/div>\n\t\t\t\t\t\t<\/div>\n\t\t\t\t<\/div>\n\t\t<div class=\"elementor-element elementor-element-cf19b5d e-con-full e-flex e-con e-child\" data-id=\"cf19b5d\" data-element_type=\"container\">\n\t\t\t\t<div class=\"elementor-element elementor-element-876ec17 elementor-widget elementor-widget-heading\" data-id=\"876ec17\" data-element_type=\"widget\" data-widget_type=\"heading.default\">\n\t\t\t\t<div class=\"elementor-widget-container\">\n\t\t\t\t\t<h2 class=\"elementor-heading-title elementor-size-default\">Horaires d&#039;ouverture<\/h2>\t\t\t\t<\/div>\n\t\t\t\t<\/div>\n\t\t\t\t<div class=\"elementor-element elementor-element-c777b31 elementor-widget elementor-widget-heading\" data-id=\"c777b31\" data-element_type=\"widget\" data-widget_type=\"heading.default\">\n\t\t\t\t<div class=\"elementor-widget-container\">\n\t\t\t\t\t<p class=\"elementor-heading-title elementor-size-default\">Du lundi au vendredi - de 8h00 \u00e0 17h00<\/p>\t\t\t\t<\/div>\n\t\t\t\t<\/div>\n\t\t\t\t<\/div>\n\t\t\t\t<\/div>\n\t\t<div class=\"elementor-element elementor-element-05d57ce e-con-full e-flex e-con e-child\" data-id=\"05d57ce\" data-element_type=\"container\">\n\t\t\t\t<div class=\"elementor-element elementor-element-157f9eb elementor-widget elementor-widget-heading\" data-id=\"157f9eb\" data-element_type=\"widget\" data-widget_type=\"heading.default\">\n\t\t\t\t<div class=\"elementor-widget-container\">\n\t\t\t\t\t<h4 class=\"elementor-heading-title elementor-size-default\">Suivez-nous:<\/h4>\t\t\t\t<\/div>\n\t\t\t\t<\/div>\n\t\t\t\t<div class=\"elementor-element elementor-element-0c3cb02 elementor-shape-circle e-grid-align-left elementor-grid-0 elementor-widget elementor-widget-social-icons\" data-id=\"0c3cb02\" data-element_type=\"widget\" data-widget_type=\"social-icons.default\">\n\t\t\t\t<div class=\"elementor-widget-container\">\n\t\t\t\t\t\t\t<div class=\"elementor-social-icons-wrapper elementor-grid\" role=\"list\">\n\t\t\t\t\t\t\t<span class=\"elementor-grid-item\" role=\"listitem\">\n\t\t\t\t\t<a class=\"elementor-icon elementor-social-icon elementor-social-icon-facebook-f elementor-repeater-item-7abe0c6\" href=\"https:\/\/www.facebook.com\/datanextstep\" target=\"_blank\" rel=\"noopener\">\n\t\t\t\t\t\t<span class=\"elementor-screen-only\">Facebook-f<\/span>\n\t\t\t\t\t\t<svg aria-hidden=\"true\" class=\"e-font-icon-svg e-fab-facebook-f\" viewbox=\"0 0 320 512\" xmlns=\"http:\/\/www.w3.org\/2000\/svg\"><path d=\"M279.14 288l14.22-92.66h-88.91v-60.13c0-25.35 12.42-50.06 52.24-50.06h40.42V6.26S260.43 0 225.36 0c-73.22 0-121.08 44.38-121.08 124.72v70.62H22.89V288h81.39v224h100.17V288z\"><\/path><\/svg>\t\t\t\t\t<\/a>\n\t\t\t\t<\/span>\n\t\t\t\t\t\t\t<span class=\"elementor-grid-item\" role=\"listitem\">\n\t\t\t\t\t<a class=\"elementor-icon elementor-social-icon elementor-social-icon-google elementor-repeater-item-c8953f4\" href=\"https:\/\/www.google.com\/maps\/place\/Data+Next+Step+-+Cyb%C3%A9rs%C3%A9curit%C3%A9+S%C3%A9curit%C3%A9+informatique\/@45.5374877,-73.6536478,17z\/data=!3m1!5s0x4cc918efa887e437:0x264121d43dc3fbf7!4m8!3m7!1s0x4cc916f6fbdc53d1:0xccbdb9ce53ddd57f!8m2!3d45.5374877!4d-73.6536478!9m1!1b1!16s%2Fg%2F11cjht91f2?entry=ttu&#038;g_ep=EgoyMDI0MTIwOS4wIKXMDSoASAFQAw%3D%3D\" target=\"_blank\" rel=\"noopener\">\n\t\t\t\t\t\t<span class=\"elementor-screen-only\">Google<\/span>\n\t\t\t\t\t\t<svg aria-hidden=\"true\" class=\"e-font-icon-svg e-fab-google\" viewbox=\"0 0 488 512\" xmlns=\"http:\/\/www.w3.org\/2000\/svg\"><path d=\"M488 261.8C488 403.3 391.1 504 248 504 110.8 504 0 393.2 0 256S110.8 8 248 8c66.8 0 123 24.5 166.3 64.9l-67.5 64.9C258.5 52.6 94.3 116.6 94.3 256c0 86.5 69.1 156.6 153.7 156.6 98.2 0 135-70.4 140.8-106.9H248v-85.3h236.1c2.3 12.7 3.9 24.9 3.9 41.4z\"><\/path><\/svg>\t\t\t\t\t<\/a>\n\t\t\t\t<\/span>\n\t\t\t\t\t\t\t<span class=\"elementor-grid-item\" role=\"listitem\">\n\t\t\t\t\t<a class=\"elementor-icon elementor-social-icon elementor-social-icon-linkedin-in elementor-repeater-item-bff58b8\" href=\"https:\/\/www.linkedin.com\/company\/data-next-step\/\" target=\"_blank\" rel=\"noopener\">\n\t\t\t\t\t\t<span class=\"elementor-screen-only\">Linkedin-in<\/span>\n\t\t\t\t\t\t<svg aria-hidden=\"true\" class=\"e-font-icon-svg e-fab-linkedin-in\" viewbox=\"0 0 448 512\" xmlns=\"http:\/\/www.w3.org\/2000\/svg\"><path d=\"M100.28 448H7.4V148.9h92.88zM53.79 108.1C24.09 108.1 0 83.5 0 53.8a53.79 53.79 0 0 1 107.58 0c0 29.7-24.1 54.3-53.79 54.3zM447.9 448h-92.68V302.4c0-34.7-.7-79.2-48.29-79.2-48.29 0-55.69 37.7-55.69 76.7V448h-92.78V148.9h89.08v40.8h1.3c12.4-23.5 42.69-48.3 87.88-48.3 94 0 111.28 61.9 111.28 142.3V448z\"><\/path><\/svg>\t\t\t\t\t<\/a>\n\t\t\t\t<\/span>\n\t\t\t\t\t<\/div>\n\t\t\t\t\t\t<\/div>\n\t\t\t\t<\/div>\n\t\t\t\t<\/div>\n\t\t\t\t<\/div>\n\t\t<div class=\"elementor-element elementor-element-ecb0ddb e-con-full e-flex e-con e-child\" data-id=\"ecb0ddb\" data-element_type=\"container\" data-settings=\"{&quot;background_background&quot;:&quot;classic&quot;}\">\n\t\t\t\t<div class=\"elementor-element elementor-element-dae3fe0 elementor-widget elementor-widget-html\" data-id=\"dae3fe0\" data-element_type=\"widget\" data-widget_type=\"html.default\">\n\t\t\t\t<div class=\"elementor-widget-container\">\n\t\t\t\t\t\n<iframe \n  id=\"odoo-contact\"\n  style=\"height:550px; width:100%; border:0;\">\n<\/iframe>\n\n<script>\ndocument.addEventListener(\"DOMContentLoaded\", function () {\n\n  var lang = document.documentElement.lang;\n  var iframe = document.getElementById(\"odoo-contact\");\n\n  if (lang.startsWith(\"fr\")) {\n    iframe.src = \"https:\/\/portal.datanextstep.com\/fr\/contactus\";\n  } else {\n    iframe.src = \"https:\/\/portal.datanextstep.com\/contactus\";\n  }\n\n});\n<\/script>\t\t\t\t<\/div>\n\t\t\t\t<\/div>\n\t\t\t\t<\/div>\n\t\t\t\t<div class=\"elementor-element elementor-element-f24eb34 elementor-absolute e-transform elementor-widget elementor-widget-image\" data-id=\"f24eb34\" data-element_type=\"widget\" data-settings=\"{&quot;_position&quot;:&quot;absolute&quot;,&quot;_transform_rotateZ_effect&quot;:{&quot;unit&quot;:&quot;px&quot;,&quot;size&quot;:180,&quot;sizes&quot;:[]},&quot;_transform_rotateZ_effect_laptop&quot;:{&quot;unit&quot;:&quot;deg&quot;,&quot;size&quot;:&quot;&quot;,&quot;sizes&quot;:[]},&quot;_transform_rotateZ_effect_tablet_extra&quot;:{&quot;unit&quot;:&quot;deg&quot;,&quot;size&quot;:&quot;&quot;,&quot;sizes&quot;:[]},&quot;_transform_rotateZ_effect_tablet&quot;:{&quot;unit&quot;:&quot;deg&quot;,&quot;size&quot;:&quot;&quot;,&quot;sizes&quot;:[]},&quot;_transform_rotateZ_effect_mobile_extra&quot;:{&quot;unit&quot;:&quot;deg&quot;,&quot;size&quot;:&quot;&quot;,&quot;sizes&quot;:[]},&quot;_transform_rotateZ_effect_mobile&quot;:{&quot;unit&quot;:&quot;deg&quot;,&quot;size&quot;:&quot;&quot;,&quot;sizes&quot;:[]}}\" data-widget_type=\"image.default\">\n\t\t\t\t<div class=\"elementor-widget-container\">\n\t\t\t\t\t\t\t\t\t\t\t\t\t\t\t<img fetchpriority=\"high\" decoding=\"async\" width=\"974\" height=\"740\" src=\"https:\/\/datanextstep.com\/wp-content\/uploads\/2024\/12\/contact-bg.webp\" class=\"attachment-full size-full wp-image-3561\" alt=\"\" srcset=\"https:\/\/datanextstep.com\/wp-content\/uploads\/2024\/12\/contact-bg.webp 974w, https:\/\/datanextstep.com\/wp-content\/uploads\/2024\/12\/contact-bg-300x228.webp 300w, https:\/\/datanextstep.com\/wp-content\/uploads\/2024\/12\/contact-bg-768x583.webp 768w, https:\/\/datanextstep.com\/wp-content\/uploads\/2024\/12\/contact-bg-16x12.webp 16w\" sizes=\"(max-width: 974px) 100vw, 974px\" \/>\t\t\t\t\t\t\t\t\t\t\t\t\t\t\t<\/div>\n\t\t\t\t<\/div>\n\t\t\t\t<div class=\"elementor-element elementor-element-3ff3043 elementor-absolute elementor-widget elementor-widget-image\" data-id=\"3ff3043\" data-element_type=\"widget\" data-settings=\"{&quot;_position&quot;:&quot;absolute&quot;}\" data-widget_type=\"image.default\">\n\t\t\t\t<div class=\"elementor-widget-container\">\n\t\t\t\t\t\t\t\t\t\t\t\t\t\t\t<img fetchpriority=\"high\" decoding=\"async\" width=\"974\" height=\"740\" src=\"https:\/\/datanextstep.com\/wp-content\/uploads\/2024\/12\/contact-bg.webp\" class=\"attachment-full size-full wp-image-3561\" alt=\"\" srcset=\"https:\/\/datanextstep.com\/wp-content\/uploads\/2024\/12\/contact-bg.webp 974w, https:\/\/datanextstep.com\/wp-content\/uploads\/2024\/12\/contact-bg-300x228.webp 300w, https:\/\/datanextstep.com\/wp-content\/uploads\/2024\/12\/contact-bg-768x583.webp 768w, https:\/\/datanextstep.com\/wp-content\/uploads\/2024\/12\/contact-bg-16x12.webp 16w\" sizes=\"(max-width: 974px) 100vw, 974px\" \/>\t\t\t\t\t\t\t\t\t\t\t\t\t\t\t<\/div>\n\t\t\t\t<\/div>\n\t\t\t\t\t<\/div>\n\t\t\t\t<\/div>\n\t\t<div class=\"elementor-element elementor-element-afd0f90 e-flex e-con-boxed e-con e-parent\" data-id=\"afd0f90\" data-element_type=\"container\">\n\t\t\t\t\t<div class=\"e-con-inner\">\n\t\t<div class=\"elementor-element elementor-element-b6eb1f1 e-con-full contact_add e-flex e-con e-child\" data-id=\"b6eb1f1\" data-element_type=\"container\">\n\t\t\t\t<div class=\"elementor-element elementor-element-07fa967 elementor-position-top elementor-widget elementor-widget-image-box\" data-id=\"07fa967\" data-element_type=\"widget\" data-widget_type=\"image-box.default\">\n\t\t\t\t<div class=\"elementor-widget-container\">\n\t\t\t\t\t<div class=\"elementor-image-box-wrapper\"><figure class=\"elementor-image-box-img\"><img decoding=\"async\" width=\"60\" height=\"77\" src=\"https:\/\/datanextstep.com\/wp-content\/uploads\/2024\/12\/location_icon.webp\" class=\"attachment-full size-full wp-image-6321\" alt=\"\" srcset=\"https:\/\/datanextstep.com\/wp-content\/uploads\/2024\/12\/location_icon.webp 60w, https:\/\/datanextstep.com\/wp-content\/uploads\/2024\/12\/location_icon-9x12.webp 9w\" sizes=\"(max-width: 60px) 100vw, 60px\" \/><\/figure><div class=\"elementor-image-box-content\"><h3 class=\"elementor-image-box-title\">Bureau au Canada<\/h3><p class=\"elementor-image-box-description\"><a href=\"https:\/\/maps.app.goo.gl\/tYLnvEgrNyojNA6B9\" target=\"_blank\" rel=\"noopener\">9200 avenue du Parc, Montr\u00e9al,<br>\n QC H2N 1Z4,<\/a>\n(514) 360-5566<\/p><\/div><\/div>\t\t\t\t<\/div>\n\t\t\t\t<\/div>\n\t\t\t\t<\/div>\n\t\t<div class=\"elementor-element elementor-element-d6f29d7 e-con-full contact_add e-flex e-con e-child\" data-id=\"d6f29d7\" data-element_type=\"container\">\n\t\t\t\t<div class=\"elementor-element elementor-element-00551f3 elementor-position-top elementor-widget elementor-widget-image-box\" data-id=\"00551f3\" data-element_type=\"widget\" data-widget_type=\"image-box.default\">\n\t\t\t\t<div class=\"elementor-widget-container\">\n\t\t\t\t\t<div class=\"elementor-image-box-wrapper\"><figure class=\"elementor-image-box-img\"><img decoding=\"async\" width=\"60\" height=\"77\" src=\"https:\/\/datanextstep.com\/wp-content\/uploads\/2024\/12\/location_icon.webp\" class=\"attachment-full size-full wp-image-6321\" alt=\"\" srcset=\"https:\/\/datanextstep.com\/wp-content\/uploads\/2024\/12\/location_icon.webp 60w, https:\/\/datanextstep.com\/wp-content\/uploads\/2024\/12\/location_icon-9x12.webp 9w\" sizes=\"(max-width: 60px) 100vw, 60px\" \/><\/figure><div class=\"elementor-image-box-content\"><h3 class=\"elementor-image-box-title\">Bureau au \u00c9tats-Unis<\/h3><p class=\"elementor-image-box-description\"><a href=\"https:\/\/maps.app.goo.gl\/y9g1KjWKBfi9Gu7B9\" target=\"_blank\" rel=\"noopener\">New York, NY, \u00c9tats-Unis<\/a><br>\n(518) 460-5566<\/p><\/div><\/div>\t\t\t\t<\/div>\n\t\t\t\t<\/div>\n\t\t\t\t<\/div>\n\t\t<div class=\"elementor-element elementor-element-a786a62 e-con-full contact_add e-flex e-con e-child\" data-id=\"a786a62\" data-element_type=\"container\">\n\t\t\t\t<div class=\"elementor-element elementor-element-9d3d798 elementor-position-top elementor-widget elementor-widget-image-box\" data-id=\"9d3d798\" data-element_type=\"widget\" data-widget_type=\"image-box.default\">\n\t\t\t\t<div class=\"elementor-widget-container\">\n\t\t\t\t\t<div class=\"elementor-image-box-wrapper\"><figure class=\"elementor-image-box-img\"><img decoding=\"async\" width=\"60\" height=\"77\" src=\"https:\/\/datanextstep.com\/wp-content\/uploads\/2024\/12\/location_icon.webp\" class=\"attachment-full size-full wp-image-6321\" alt=\"\" srcset=\"https:\/\/datanextstep.com\/wp-content\/uploads\/2024\/12\/location_icon.webp 60w, https:\/\/datanextstep.com\/wp-content\/uploads\/2024\/12\/location_icon-9x12.webp 9w\" sizes=\"(max-width: 60px) 100vw, 60px\" \/><\/figure><div class=\"elementor-image-box-content\"><h3 class=\"elementor-image-box-title\">Bureau au N\u00e9pal<\/h3><p class=\"elementor-image-box-description\"><a href=\"https:\/\/maps.app.goo.gl\/kVPNLTDbf4GVhTvL6\" target=\"_blank\" rel=\"noopener\">Thamel, Katmandou, N\u00e9pal<\/a><br>\n(981) 808-7780<\/p><\/div><\/div>\t\t\t\t<\/div>\n\t\t\t\t<\/div>\n\t\t\t\t<\/div>\n\t\t\t\t\t<\/div>\n\t\t\t\t<\/div>\n\t\t\t\t<\/div>","protected":false},"excerpt":{"rendered":"<p>Prenez contact avec nous ! Contact (514) 360-5566 Adresse \u00e9lectronique bonjour@datanextstep.com Heures d'ouverture Lundi \u00e0 vendredi - 8h00 \u00e0 17h00 Suivez-nous : Facebook-f Google Linkedin-in Canada Office 9200 Park Ave, Montreal, QC H2N 1Z4, (514) 360-5566 USA Office New York, NY, USA (518) 460-5566 Nepal Office Thamel, Kathmandu, Nepal (981) 808-7780<\/p>","protected":false},"author":1,"featured_media":0,"parent":0,"menu_order":0,"comment_status":"closed","ping_status":"closed","template":"elementor_header_footer","meta":{"footnotes":""},"class_list":["post-39","page","type-page","status-publish","hentry"],"_links":{"self":[{"href":"https:\/\/datanextstep.com\/fr\/wp-json\/wp\/v2\/pages\/39","targetHints":{"allow":["GET"]}}],"collection":[{"href":"https:\/\/datanextstep.com\/fr\/wp-json\/wp\/v2\/pages"}],"about":[{"href":"https:\/\/datanextstep.com\/fr\/wp-json\/wp\/v2\/types\/page"}],"author":[{"embeddable":true,"href":"https:\/\/datanextstep.com\/fr\/wp-json\/wp\/v2\/users\/1"}],"replies":[{"embeddable":true,"href":"https:\/\/datanextstep.com\/fr\/wp-json\/wp\/v2\/comments?post=39"}],"version-history":[{"count":10,"href":"https:\/\/datanextstep.com\/fr\/wp-json\/wp\/v2\/pages\/39\/revisions"}],"predecessor-version":[{"id":20481,"href":"https:\/\/datanextstep.com\/fr\/wp-json\/wp\/v2\/pages\/39\/revisions\/20481"}],"wp:attachment":[{"href":"https:\/\/datanextstep.com\/fr\/wp-json\/wp\/v2\/media?parent=39"}],"curies":[{"name":"wp","href":"https:\/\/api.w.org\/{rel}","templated":true}]}}